{"id":415,"date":"2023-04-11T20:38:20","date_gmt":"2023-04-11T18:38:20","guid":{"rendered":"https:\/\/muff.ee\/?post_type=product&#038;p=415"},"modified":"2026-02-17T06:44:35","modified_gmt":"2026-02-17T04:44:35","slug":"naissaare-matkapaev","status":"publish","type":"product","link":"https:\/\/muff.ee\/en\/product\/naissaare-matkapaev\/","title":{"rendered":"Naissaare hiking day (time to be agreed)"},"content":{"rendered":"<p><span style=\"font-weight: 400;\">A one-day overseas adventure to a small island. <\/span><span style=\"font-weight: 400;\"><br \/>\n<\/span><span style=\"font-weight: 400;\">Naissaar awaits you for a day adventure.<\/span><\/p>\n<p><span style=\"font-weight: 400;\">We depart from the Seaplane Harbour in the morning at 9-10 am. <\/span><span style=\"font-weight: 400;\"><br \/>\n<\/span><span style=\"font-weight: 400;\">We will arrive around at noon. <\/span><span style=\"font-weight: 400;\"><br \/>\n<\/span><span style=\"font-weight: 400;\">Then we will take our first breathers, have lunch and ice cream.<\/span><\/p>\n<p><span style=\"font-weight: 400;\">After lunch, we will go for a hiking tour of about 3 hours to the southern tip of the island, which looks like the beach of some southern countries. <\/span><span style=\"font-weight: 400;\">We will sit once at the church and from there we will wander back to the harbour through the mines. <\/span><span style=\"font-weight: 400;\">There's still some time to be on your own.<\/span><\/p>\n<p><span style=\"font-weight: 400;\">Around 6pm we eat dinner and start to settle in for the night. Depending on the time of the year, we may manage to watch the sun fall into the sea.\u00a0<\/span><\/p>\n<p><span style=\"font-weight: 400;\">The trip is about 15 nautical miles. <\/span><span style=\"font-weight: 400;\"><br \/>\n<\/span><span style=\"font-weight: 400;\">We take up to 10 passengers. <\/span><span style=\"font-weight: 400;\"><br \/>\n<\/span><span style=\"font-weight: 400;\"><br \/>\n<\/span><span style=\"font-weight: 400;\">Includes trip, guide, meals\/drinks, no alcohol. <\/span><span style=\"font-weight: 400;\"><br \/>\n<\/span><span style=\"font-weight: 400;\"><br \/>\n<\/span><span style=\"font-weight: 400;\">You can also book a day with a train\/car excursion.\u00a0<\/span><\/p>","protected":false},"excerpt":{"rendered":"<p><strong>Naissaare<\/strong> purjeka reis on elamus, mis \u00fchendab rahuliku purjetamise Tallinna lahel, kahemastilise betoonpurjeka ainulaadse kogemuse ja avastusretke Naissaarele. See on ideaalne valik, kui otsid p\u00e4evast merereisi Naissaarele, romantilist purjekas\u00f5itu, s\u00f5pradega seiklust v\u00f5i ettev\u00f5tte tiimi\u00fcritust looduses.<\/p>\n<p>V\u00e4ljas\u00f5it toimub Tallinna Lennusadamast mugava ja stabiilse kahemastilise purjekaga. Merel naudime vaateid Tallinna siluetile, sadamatele ja avamerele \u2013 sageli saadab meid ka h\u00fclge- v\u00f5i linnuparv. Purjetamine ise on osa elamusest: rahulik tempo, tuul purjedes ja merekohin loovad t\u00e4iesti teistsuguse tunde kui kiirpaadiga s\u00f5it.<\/p>\n<p>\u2693 Mida Naissaare purjeka reis pakub?<\/p>\n<p>Purjekas\u00f5it Naissaarele ja tagasi Tallinna lahel<\/p>\n<p>Kuni 3-4 tundi merel kahemastilise purjekaga<\/p>\n<p>Kuni 10 reisijat + meeskond \u2013 sobib v\u00e4iksematele gruppidele<\/p>\n<p>Stabiilne ja turvaline betoonpurjekas (ookeanipurjeka t\u00fc\u00fcpi alus)<\/p>\n<p>Vaba aeg Naissaarel \u2013 jalutusk\u00e4ik, rand, militaarp\u00e4rand, loodusrajad<\/p>\n<p>V\u00f5imalus kombineerida matka, pikniku v\u00f5i aktiivsete tegevustega.<\/p>\n<p>\ud83c\udf3f Miks valida Naissaar purjekaga?<\/p>\n<p>Naissaar on \u00fcks Tallinna l\u00e4hedasemaid loodusparadiise \u2013 metsikud rannad, mahaj\u00e4etud militaarrajatised ja vaikne saareelu. Purjekaga Naissaarele minek annab teekonnale erilise v\u00e4\u00e4rtuse: see pole lihtsalt transport, vaid elamus omaette. Sobib nii romantiliseks paaris\u00f5iduks, perep\u00e4evaks kui ka firmareisiks v\u00f5i tiimi\u00fcrituseks.<\/p>\n<p>\ud83d\udc65 Kellele see reis sobib?<\/p>\n<p>Paaridele ja s\u00f5pruskondadele<\/p>\n<p>V\u00e4ikestele seltskondadele ja ettev\u00f5tetele<\/p>\n<p>Turistidele, kes soovivad Naissaart k\u00fclastada purjekaga<\/p>\n<p>Neile, kes otsivad erilist mereelamust Tallinnas<\/p>\n<p>\ud83d\udccd Praktiline info<\/p>\n<p>V\u00e4ljas\u00f5it: Tallinna Lennusadam<\/p>\n<p>Kestus: kuni 8 tundi<\/p>\n<p>Hooaeg: 2026<\/p>\n<p>Grupi suurus: kuni 10 inimest<\/p>\n<p>Kontakt: 51 54 156<\/p>\n<p>Broneerimine: muff.ee<\/p>\n<p>Naissaare purjeka reis on aeglane, rahulik ja p\u00e4ris \u2013 tuul purjedes, meri all ja saar silmapiiril. T\u00e4pselt selline, nagu \u00fcks \u00f5ige mereseiklus olema peab.<\/p>\n<p>*meri ei ole alati rahulik. Reisi toimumine v\u00f5ib muutuda ilmaolude muutumisest.<\/p>","protected":false},"featured_media":1409,"comment_status":"open","ping_status":"closed","template":"","meta":{"site-sidebar-layout":"default","site-content-layout":"default","ast-global-header-display":"","ast-main-header-display":"","ast-hfb-above-header-display":"","ast-hfb-below-header-display":"","ast-hfb-mobile-header-display":"","site-post-title":"","ast-breadcrumbs-content":"","ast-featured-img":"","footer-sml-layout":"","theme-transparent-header-meta":"default","adv-header-id-meta":"","stick-header-meta":"default","header-above-stick-meta":"","header-main-stick-meta":"","header-below-stick-meta":""},"product_cat":[36],"product_tag":[],"class_list":["post-415","product","type-product","status-publish","has-post-thumbnail","hentry","product_cat-matkad","desktop-align-left","tablet-align-left","mobile-align-left","ast-product-gallery-layout-horizontal-slider","ast-product-tabs-layout-horizontal"],"yoast_head":"<!-- This site is optimized with the Yoast SEO plugin v20.5 - https:\/\/yoast.com\/wordpress\/plugins\/seo\/ -->\n<title>Naissaare matkap\u00e4ev (aeg kokkuleppel) -<\/title>\n<meta name=\"description\" content=\"Tiimi\u00fcritus purjekaga Tallinna lahel \u2013 Naissaare purjeka reis kuni 8 tundi. Mugav kahemastiline alus kuni 10 inimesele. Broneeri muff.ee\" \/>\n<meta name=\"robots\" content=\"index, follow, max-snippet:-1, max-image-preview:large, max-video-preview:-1\" \/>\n<link rel=\"canonical\" href=\"https:\/\/muff.ee\/en\/product\/naissaare-matkapaev\/\" \/>\n<meta property=\"og:locale\" content=\"en_GB\" \/>\n<meta property=\"og:type\" content=\"article\" \/>\n<meta property=\"og:title\" content=\"Naissaare matkap\u00e4ev (aeg kokkuleppel) -\" \/>\n<meta property=\"og:description\" content=\"Tiimi\u00fcritus purjekaga Tallinna lahel \u2013 Naissaare purjeka reis kuni 8 tundi. Mugav kahemastiline alus kuni 10 inimesele. Broneeri muff.ee\" \/>\n<meta property=\"og:url\" content=\"https:\/\/muff.ee\/en\/product\/naissaare-matkapaev\/\" \/>\n<meta property=\"article:modified_time\" content=\"2026-02-17T04:44:35+00:00\" \/>\n<meta property=\"og:image\" content=\"https:\/\/muff.ee\/wp-content\/uploads\/2023\/04\/20210814_154250-scaled.jpg\" \/>\n\t<meta property=\"og:image:width\" content=\"2560\" \/>\n\t<meta property=\"og:image:height\" content=\"1920\" \/>\n\t<meta property=\"og:image:type\" content=\"image\/jpeg\" \/>\n<meta name=\"twitter:card\" content=\"summary_large_image\" \/>\n<meta name=\"twitter:label1\" content=\"Estimated reading time\" \/>\n\t<meta name=\"twitter:data1\" content=\"1 minute\" \/>\n<script type=\"application\/ld+json\" class=\"yoast-schema-graph\">{\"@context\":\"https:\/\/schema.org\",\"@graph\":[{\"@type\":\"WebPage\",\"@id\":\"https:\/\/muff.ee\/toode\/naissaare-matkapaev\/\",\"url\":\"https:\/\/muff.ee\/toode\/naissaare-matkapaev\/\",\"name\":\"Naissaare matkap\u00e4ev (aeg kokkuleppel) -\",\"isPartOf\":{\"@id\":\"https:\/\/muff.ee\/#website\"},\"datePublished\":\"2023-04-11T18:38:20+00:00\",\"dateModified\":\"2026-02-17T04:44:35+00:00\",\"description\":\"Tiimi\u00fcritus purjekaga Tallinna lahel \u2013 Naissaare purjeka reis kuni 8 tundi. Mugav kahemastiline alus kuni 10 inimesele. Broneeri muff.ee\",\"breadcrumb\":{\"@id\":\"https:\/\/muff.ee\/toode\/naissaare-matkapaev\/#breadcrumb\"},\"inLanguage\":\"en-GB\",\"potentialAction\":[{\"@type\":\"ReadAction\",\"target\":[\"https:\/\/muff.ee\/toode\/naissaare-matkapaev\/\"]}]},{\"@type\":\"BreadcrumbList\",\"@id\":\"https:\/\/muff.ee\/toode\/naissaare-matkapaev\/#breadcrumb\",\"itemListElement\":[{\"@type\":\"ListItem\",\"position\":1,\"name\":\"Muff Matkad\",\"item\":\"https:\/\/muff.ee\/\"},{\"@type\":\"ListItem\",\"position\":2,\"name\":\"Pood\",\"item\":\"https:\/\/muff.ee\/pood\/\"},{\"@type\":\"ListItem\",\"position\":3,\"name\":\"Naissaare matkap\u00e4ev (aeg kokkuleppel)\"}]},{\"@type\":\"WebSite\",\"@id\":\"https:\/\/muff.ee\/#website\",\"url\":\"https:\/\/muff.ee\/\",\"name\":\"\",\"description\":\"Muff viib matkale\",\"potentialAction\":[{\"@type\":\"SearchAction\",\"target\":{\"@type\":\"EntryPoint\",\"urlTemplate\":\"https:\/\/muff.ee\/?s={search_term_string}\"},\"query-input\":\"required name=search_term_string\"}],\"inLanguage\":\"en-GB\"}]}<\/script>\n<!-- \/ Yoast SEO plugin. -->","yoast_head_json":{"title":"Naissaare matkap\u00e4ev (aeg kokkuleppel) -","description":"Tiimi\u00fcritus purjekaga Tallinna lahel \u2013 Naissaare purjeka reis kuni 8 tundi. Mugav kahemastiline alus kuni 10 inimesele. Broneeri muff.ee","robots":{"index":"index","follow":"follow","max-snippet":"max-snippet:-1","max-image-preview":"max-image-preview:large","max-video-preview":"max-video-preview:-1"},"canonical":"https:\/\/muff.ee\/en\/product\/naissaare-matkapaev\/","og_locale":"en_GB","og_type":"article","og_title":"Naissaare matkap\u00e4ev (aeg kokkuleppel) -","og_description":"Tiimi\u00fcritus purjekaga Tallinna lahel \u2013 Naissaare purjeka reis kuni 8 tundi. Mugav kahemastiline alus kuni 10 inimesele. Broneeri muff.ee","og_url":"https:\/\/muff.ee\/en\/product\/naissaare-matkapaev\/","article_modified_time":"2026-02-17T04:44:35+00:00","og_image":[{"width":2560,"height":1920,"url":"https:\/\/muff.ee\/wp-content\/uploads\/2023\/04\/20210814_154250-scaled.jpg","type":"image\/jpeg"}],"twitter_card":"summary_large_image","twitter_misc":{"Estimated reading time":"1 minute"},"schema":{"@context":"https:\/\/schema.org","@graph":[{"@type":"WebPage","@id":"https:\/\/muff.ee\/toode\/naissaare-matkapaev\/","url":"https:\/\/muff.ee\/toode\/naissaare-matkapaev\/","name":"Naissaare matkap\u00e4ev (aeg kokkuleppel) -","isPartOf":{"@id":"https:\/\/muff.ee\/#website"},"datePublished":"2023-04-11T18:38:20+00:00","dateModified":"2026-02-17T04:44:35+00:00","description":"Tiimi\u00fcritus purjekaga Tallinna lahel \u2013 Naissaare purjeka reis kuni 8 tundi. Mugav kahemastiline alus kuni 10 inimesele. Broneeri muff.ee","breadcrumb":{"@id":"https:\/\/muff.ee\/toode\/naissaare-matkapaev\/#breadcrumb"},"inLanguage":"en-GB","potentialAction":[{"@type":"ReadAction","target":["https:\/\/muff.ee\/toode\/naissaare-matkapaev\/"]}]},{"@type":"BreadcrumbList","@id":"https:\/\/muff.ee\/toode\/naissaare-matkapaev\/#breadcrumb","itemListElement":[{"@type":"ListItem","position":1,"name":"Muff Matkad","item":"https:\/\/muff.ee\/"},{"@type":"ListItem","position":2,"name":"Pood","item":"https:\/\/muff.ee\/pood\/"},{"@type":"ListItem","position":3,"name":"Naissaare matkap\u00e4ev (aeg kokkuleppel)"}]},{"@type":"WebSite","@id":"https:\/\/muff.ee\/#website","url":"https:\/\/muff.ee\/","name":"","description":"Muff viib matkale","potentialAction":[{"@type":"SearchAction","target":{"@type":"EntryPoint","urlTemplate":"https:\/\/muff.ee\/?s={search_term_string}"},"query-input":"required name=search_term_string"}],"inLanguage":"en-GB"}]}},"_links":{"self":[{"href":"https:\/\/muff.ee\/en\/wp-json\/wp\/v3\/product\/415","targetHints":{"allow":["GET"]}}],"collection":[{"href":"https:\/\/muff.ee\/en\/wp-json\/wp\/v3\/product"}],"about":[{"href":"https:\/\/muff.ee\/en\/wp-json\/wp\/v2\/types\/product"}],"replies":[{"embeddable":true,"href":"https:\/\/muff.ee\/en\/wp-json\/wp\/v2\/comments?post=415"}],"version-history":[{"count":4,"href":"https:\/\/muff.ee\/en\/wp-json\/wp\/v3\/product\/415\/revisions"}],"predecessor-version":[{"id":1415,"href":"https:\/\/muff.ee\/en\/wp-json\/wp\/v3\/product\/415\/revisions\/1415"}],"wp:featuredmedia":[{"embeddable":true,"href":"https:\/\/muff.ee\/en\/wp-json\/wp\/v2\/media\/1409"}],"wp:attachment":[{"href":"https:\/\/muff.ee\/en\/wp-json\/wp\/v2\/media?parent=415"}],"wp:term":[{"taxonomy":"product_cat","embeddable":true,"href":"https:\/\/muff.ee\/en\/wp-json\/wp\/v2\/product_cat?post=415"},{"taxonomy":"product_tag","embeddable":true,"href":"https:\/\/muff.ee\/en\/wp-json\/wp\/v2\/product_tag?post=415"}],"curies":[{"name":"wp","href":"https:\/\/api.w.org\/{rel}","templated":true}]}}