{"id":413,"date":"2023-04-11T20:35:50","date_gmt":"2023-04-11T18:35:50","guid":{"rendered":"https:\/\/muff.ee\/?post_type=product&#038;p=413"},"modified":"2026-03-01T00:25:54","modified_gmt":"2026-02-28T22:25:54","slug":"20-23-08-salmistu-pedassaare","status":"publish","type":"product","link":"https:\/\/muff.ee\/en\/product\/20-23-08-salmistu-pedassaare\/","title":{"rendered":"Tallinna lahel purjetamine &#8211; 3h rahulikku aega"},"content":{"rendered":"<p data-start=\"281\" data-end=\"495\">Naudi <strong data-start=\"287\" data-end=\"317\">purjetamist Tallinna lahel<\/strong> kahemastilise betoonpurjekaga. Rahulik meres\u00f5it viib sind Tallinna silueti, sadamate ja avamere vahele \u2013 ideaalne elamus nii s\u00f5pradele, paaridele kui ka v\u00e4iksematele gruppidele.<\/p>\n<p data-start=\"497\" data-end=\"650\">See on ehe <strong data-start=\"508\" data-end=\"533\">purjekas\u00f5it Tallinnas<\/strong>, kus saad kogeda p\u00e4ris purjetamist, meretuult ja linnavaateid merelt. Sobib h\u00e4sti ka esimeseks purjetamiskogemuseks.<\/p>\n<p data-start=\"652\" data-end=\"819\"><strong data-start=\"652\" data-end=\"663\">Kestus:<\/strong> kuni 3 h<br data-start=\"672\" data-end=\"675\" \/><strong data-start=\"675\" data-end=\"692\">Grupi suurus:<\/strong> kuni 10 inimest<br data-start=\"708\" data-end=\"711\" \/><strong data-start=\"711\" data-end=\"725\">V\u00e4ljas\u00f5it:<\/strong> Lennusadam, Tallinn<br data-start=\"745\" data-end=\"748\" \/><strong data-start=\"748\" data-end=\"759\">Hooaeg:<\/strong> 2026<br data-start=\"764\" data-end=\"767\" \/><strong data-start=\"767\" data-end=\"779\">Kontakt:<\/strong> 51 54 156<br data-start=\"789\" data-end=\"792\" \/><strong data-start=\"792\" data-end=\"809\">Broneerimine:<\/strong> muff.ee<\/p>","protected":false},"excerpt":{"rendered":"<h2 data-start=\"209\" data-end=\"279\">\u26f5 Purjetamine Tallinna lahel \u2013 Muff Matkad (l\u00fchike e-poe kirjeldus)<\/h2>\n<p data-start=\"281\" data-end=\"495\">Naudi <strong data-start=\"287\" data-end=\"317\">purjetamist Tallinna lahel<\/strong> kahemastilise betoonpurjekaga. Rahulik meres\u00f5it viib sind Tallinna silueti, sadamate ja avamere vahele \u2013 ideaalne elamus nii s\u00f5pradele, paaridele kui ka v\u00e4iksematele gruppidele.<\/p>\n<p data-start=\"497\" data-end=\"650\">See on ehe <strong data-start=\"508\" data-end=\"533\">purjekas\u00f5it Tallinnas<\/strong>, kus saad kogeda p\u00e4ris purjetamist, meretuult ja linnavaateid merelt. Sobib h\u00e4sti ka esimeseks purjetamiskogemuseks.<\/p>\n<p data-start=\"652\" data-end=\"819\"><strong data-start=\"652\" data-end=\"663\">Kestus:<\/strong> kuni 3 h<br data-start=\"672\" data-end=\"675\" \/><strong data-start=\"675\" data-end=\"692\">Grupi suurus:<\/strong> kuni 10 inimest<br data-start=\"708\" data-end=\"711\" \/><strong data-start=\"711\" data-end=\"725\">V\u00e4ljas\u00f5it:<\/strong> Lennusadam, Tallinn<br data-start=\"745\" data-end=\"748\" \/><strong data-start=\"748\" data-end=\"759\">Hooaeg:<\/strong> 2026<br data-start=\"764\" data-end=\"767\" \/><strong data-start=\"767\" data-end=\"779\">Kontakt:<\/strong> 51 54 156<br data-start=\"789\" data-end=\"792\" \/><strong data-start=\"792\" data-end=\"809\">Broneerimine:<\/strong> muff.ee<\/p>\n<hr data-start=\"821\" data-end=\"824\" \/>\n<h2 data-start=\"826\" data-end=\"890\">\ud83e\uddd1\u200d\ud83d\udcbc Firmadele \/ tiimi\u00fcrituseks \u2013 Purjetamine Tallinna lahel<\/h2>\n<p data-start=\"892\" data-end=\"1101\"><strong data-start=\"892\" data-end=\"932\">Tiimi\u00fcritus purjekaga Tallinna lahel<\/strong> on m\u00f5nus ja lihtne viis tuua inimesed kontorist v\u00e4lja p\u00e4ris keskkonda. Rahulik purjetamine loob hea \u00f5hkkonna suhtlemiseks, ideede liikumiseks ja stressi maha v\u00f5tmiseks.<\/p>\n<p data-start=\"1103\" data-end=\"1349\">Kahemastiline betoonpurjekas mahutab kuni 10 inimest + meeskond. S\u00f5it sobib <strong data-start=\"1179\" data-end=\"1253\">firmakingituseks, kliendi\u00fcrituseks v\u00f5i v\u00e4iksemaks tiimi\u00fcrituseks merel<\/strong>. Soovi korral saab reisi kombineerida kerge sn\u00e4ki, fotosessiooni v\u00f5i l\u00fchikese peatusega ankrus.<\/p>\n<p data-start=\"1351\" data-end=\"1499\"><strong data-start=\"1351\" data-end=\"1362\">Kestus:<\/strong> kuni 3 h<br data-start=\"1371\" data-end=\"1374\" \/><strong data-start=\"1374\" data-end=\"1388\">V\u00e4ljas\u00f5it:<\/strong> Lennusadam, Tallinn<br data-start=\"1408\" data-end=\"1411\" \/><strong data-start=\"1411\" data-end=\"1428\">Grupi suurus:<\/strong> kuni 10 inimest<br data-start=\"1444\" data-end=\"1447\" \/><strong data-start=\"1447\" data-end=\"1459\">Kontakt:<\/strong> 51 54 156<br data-start=\"1469\" data-end=\"1472\" \/><strong data-start=\"1472\" data-end=\"1489\">Broneerimine:<\/strong> muff.ee<\/p>","protected":false},"featured_media":414,"comment_status":"open","ping_status":"closed","template":"","meta":{"site-sidebar-layout":"default","site-content-layout":"default","ast-global-header-display":"","ast-main-header-display":"","ast-hfb-above-header-display":"","ast-hfb-below-header-display":"","ast-hfb-mobile-header-display":"","site-post-title":"","ast-breadcrumbs-content":"","ast-featured-img":"","footer-sml-layout":"","theme-transparent-header-meta":"default","adv-header-id-meta":"","stick-header-meta":"default","header-above-stick-meta":"","header-main-stick-meta":"","header-below-stick-meta":""},"product_cat":[36],"product_tag":[],"class_list":["post-413","product","type-product","status-publish","has-post-thumbnail","hentry","product_cat-matkad","desktop-align-left","tablet-align-left","mobile-align-left","ast-product-gallery-layout-horizontal-slider","ast-product-gallery-with-no-image","ast-product-tabs-layout-horizontal"],"yoast_head":"<!-- This site is optimized with the Yoast SEO plugin v20.5 - https:\/\/yoast.com\/wordpress\/plugins\/seo\/ -->\n<title>Tallinna lahel purjetamine - 3h rahulikku aega -<\/title>\n<meta name=\"description\" content=\"Purjetamine Tallinna lahel kahemastilise purjekaga \u2013 kuni 3 tundi merel. Elamus Muff Matkadelt. Broneeri muff.ee\" \/>\n<meta name=\"robots\" content=\"index, follow, max-snippet:-1, max-image-preview:large, max-video-preview:-1\" \/>\n<link rel=\"canonical\" href=\"https:\/\/muff.ee\/en\/product\/20-23-08-salmistu-pedassaare\/\" \/>\n<meta property=\"og:locale\" content=\"en_GB\" \/>\n<meta property=\"og:type\" content=\"article\" \/>\n<meta property=\"og:title\" content=\"Tallinna lahel purjetamine - 3h rahulikku aega -\" \/>\n<meta property=\"og:description\" content=\"Purjetamine Tallinna lahel kahemastilise purjekaga \u2013 kuni 3 tundi merel. Elamus Muff Matkadelt. Broneeri muff.ee\" \/>\n<meta property=\"og:url\" content=\"https:\/\/muff.ee\/en\/product\/20-23-08-salmistu-pedassaare\/\" \/>\n<meta property=\"article:modified_time\" content=\"2026-02-28T22:25:54+00:00\" \/>\n<meta property=\"og:image\" content=\"https:\/\/muff.ee\/wp-content\/uploads\/2023\/04\/muff_matkad.jpg\" \/>\n\t<meta property=\"og:image:width\" content=\"1511\" \/>\n\t<meta property=\"og:image:height\" content=\"2015\" \/>\n\t<meta property=\"og:image:type\" content=\"image\/jpeg\" \/>\n<meta name=\"twitter:card\" content=\"summary_large_image\" \/>\n<meta name=\"twitter:label1\" content=\"Estimated reading time\" \/>\n\t<meta name=\"twitter:data1\" content=\"1 minute\" \/>\n<script type=\"application\/ld+json\" class=\"yoast-schema-graph\">{\"@context\":\"https:\/\/schema.org\",\"@graph\":[{\"@type\":\"WebPage\",\"@id\":\"https:\/\/muff.ee\/toode\/20-23-08-salmistu-pedassaare\/\",\"url\":\"https:\/\/muff.ee\/toode\/20-23-08-salmistu-pedassaare\/\",\"name\":\"Tallinna lahel purjetamine - 3h rahulikku aega -\",\"isPartOf\":{\"@id\":\"https:\/\/muff.ee\/#website\"},\"datePublished\":\"2023-04-11T18:35:50+00:00\",\"dateModified\":\"2026-02-28T22:25:54+00:00\",\"description\":\"Purjetamine Tallinna lahel kahemastilise purjekaga \u2013 kuni 3 tundi merel. Elamus Muff Matkadelt. Broneeri muff.ee\",\"breadcrumb\":{\"@id\":\"https:\/\/muff.ee\/toode\/20-23-08-salmistu-pedassaare\/#breadcrumb\"},\"inLanguage\":\"en-GB\",\"potentialAction\":[{\"@type\":\"ReadAction\",\"target\":[\"https:\/\/muff.ee\/toode\/20-23-08-salmistu-pedassaare\/\"]}]},{\"@type\":\"BreadcrumbList\",\"@id\":\"https:\/\/muff.ee\/toode\/20-23-08-salmistu-pedassaare\/#breadcrumb\",\"itemListElement\":[{\"@type\":\"ListItem\",\"position\":1,\"name\":\"Muff Matkad\",\"item\":\"https:\/\/muff.ee\/\"},{\"@type\":\"ListItem\",\"position\":2,\"name\":\"Pood\",\"item\":\"https:\/\/muff.ee\/pood\/\"},{\"@type\":\"ListItem\",\"position\":3,\"name\":\"Tallinna lahel purjetamine &#8211; 3h rahulikku aega\"}]},{\"@type\":\"WebSite\",\"@id\":\"https:\/\/muff.ee\/#website\",\"url\":\"https:\/\/muff.ee\/\",\"name\":\"\",\"description\":\"Muff viib matkale\",\"potentialAction\":[{\"@type\":\"SearchAction\",\"target\":{\"@type\":\"EntryPoint\",\"urlTemplate\":\"https:\/\/muff.ee\/?s={search_term_string}\"},\"query-input\":\"required name=search_term_string\"}],\"inLanguage\":\"en-GB\"}]}<\/script>\n<!-- \/ Yoast SEO plugin. -->","yoast_head_json":{"title":"Tallinna lahel purjetamine - 3h rahulikku aega -","description":"Purjetamine Tallinna lahel kahemastilise purjekaga \u2013 kuni 3 tundi merel. Elamus Muff Matkadelt. Broneeri muff.ee","robots":{"index":"index","follow":"follow","max-snippet":"max-snippet:-1","max-image-preview":"max-image-preview:large","max-video-preview":"max-video-preview:-1"},"canonical":"https:\/\/muff.ee\/en\/product\/20-23-08-salmistu-pedassaare\/","og_locale":"en_GB","og_type":"article","og_title":"Tallinna lahel purjetamine - 3h rahulikku aega -","og_description":"Purjetamine Tallinna lahel kahemastilise purjekaga \u2013 kuni 3 tundi merel. Elamus Muff Matkadelt. Broneeri muff.ee","og_url":"https:\/\/muff.ee\/en\/product\/20-23-08-salmistu-pedassaare\/","article_modified_time":"2026-02-28T22:25:54+00:00","og_image":[{"width":1511,"height":2015,"url":"https:\/\/muff.ee\/wp-content\/uploads\/2023\/04\/muff_matkad.jpg","type":"image\/jpeg"}],"twitter_card":"summary_large_image","twitter_misc":{"Estimated reading time":"1 minute"},"schema":{"@context":"https:\/\/schema.org","@graph":[{"@type":"WebPage","@id":"https:\/\/muff.ee\/toode\/20-23-08-salmistu-pedassaare\/","url":"https:\/\/muff.ee\/toode\/20-23-08-salmistu-pedassaare\/","name":"Tallinna lahel purjetamine - 3h rahulikku aega -","isPartOf":{"@id":"https:\/\/muff.ee\/#website"},"datePublished":"2023-04-11T18:35:50+00:00","dateModified":"2026-02-28T22:25:54+00:00","description":"Purjetamine Tallinna lahel kahemastilise purjekaga \u2013 kuni 3 tundi merel. Elamus Muff Matkadelt. Broneeri muff.ee","breadcrumb":{"@id":"https:\/\/muff.ee\/toode\/20-23-08-salmistu-pedassaare\/#breadcrumb"},"inLanguage":"en-GB","potentialAction":[{"@type":"ReadAction","target":["https:\/\/muff.ee\/toode\/20-23-08-salmistu-pedassaare\/"]}]},{"@type":"BreadcrumbList","@id":"https:\/\/muff.ee\/toode\/20-23-08-salmistu-pedassaare\/#breadcrumb","itemListElement":[{"@type":"ListItem","position":1,"name":"Muff Matkad","item":"https:\/\/muff.ee\/"},{"@type":"ListItem","position":2,"name":"Pood","item":"https:\/\/muff.ee\/pood\/"},{"@type":"ListItem","position":3,"name":"Tallinna lahel purjetamine &#8211; 3h rahulikku aega"}]},{"@type":"WebSite","@id":"https:\/\/muff.ee\/#website","url":"https:\/\/muff.ee\/","name":"","description":"Muff viib matkale","potentialAction":[{"@type":"SearchAction","target":{"@type":"EntryPoint","urlTemplate":"https:\/\/muff.ee\/?s={search_term_string}"},"query-input":"required name=search_term_string"}],"inLanguage":"en-GB"}]}},"_links":{"self":[{"href":"https:\/\/muff.ee\/en\/wp-json\/wp\/v3\/product\/413","targetHints":{"allow":["GET"]}}],"collection":[{"href":"https:\/\/muff.ee\/en\/wp-json\/wp\/v3\/product"}],"about":[{"href":"https:\/\/muff.ee\/en\/wp-json\/wp\/v2\/types\/product"}],"replies":[{"embeddable":true,"href":"https:\/\/muff.ee\/en\/wp-json\/wp\/v2\/comments?post=413"}],"version-history":[{"count":2,"href":"https:\/\/muff.ee\/en\/wp-json\/wp\/v3\/product\/413\/revisions"}],"predecessor-version":[{"id":1420,"href":"https:\/\/muff.ee\/en\/wp-json\/wp\/v3\/product\/413\/revisions\/1420"}],"wp:featuredmedia":[{"embeddable":true,"href":"https:\/\/muff.ee\/en\/wp-json\/wp\/v2\/media\/414"}],"wp:attachment":[{"href":"https:\/\/muff.ee\/en\/wp-json\/wp\/v2\/media?parent=413"}],"wp:term":[{"taxonomy":"product_cat","embeddable":true,"href":"https:\/\/muff.ee\/en\/wp-json\/wp\/v2\/product_cat?post=413"},{"taxonomy":"product_tag","embeddable":true,"href":"https:\/\/muff.ee\/en\/wp-json\/wp\/v2\/product_tag?post=413"}],"curies":[{"name":"wp","href":"https:\/\/api.w.org\/{rel}","templated":true}]}}