{"id":405,"date":"2023-04-11T20:18:44","date_gmt":"2023-04-11T18:18:44","guid":{"rendered":"https:\/\/muff.ee\/?post_type=product&#038;p=405"},"modified":"2026-02-17T06:51:21","modified_gmt":"2026-02-17T04:51:21","slug":"19-21-05-2023-pakri-saared","status":"publish","type":"product","link":"https:\/\/muff.ee\/en\/product\/19-21-05-2023-pakri-saared\/","title":{"rendered":"S\u00fcnnip\u00e4ev merel \u2013 purjekas\u00f5it Tallinna lahel | Muff Matkad"},"content":{"rendered":"<p data-start=\"951\" data-end=\"1195\"><strong data-start=\"951\" data-end=\"988\">S\u00fcnnip\u00e4ev purjekal Tallinna lahel<\/strong> sobib ideaalselt v\u00e4iksemale seltskonnale, kes tahab midagi teistsugust kui tavap\u00e4rane peokoht. Meri loob vaba ja m\u00f5nusa \u00f5hkkonna \u2013 saab jutustada, t\u00e4histada, teha pilte ning nautida Tallinna vaateid merelt.<\/p>\n<p data-start=\"1197\" data-end=\"1328\">Kahemastiline betoonpurjekas mahutab kuni 10 inimest + meeskond. Hea valik ka <strong data-start=\"1275\" data-end=\"1298\">\u00fcllatuss\u00fcnnip\u00e4evaks<\/strong> v\u00f5i kingituseks elamuse n\u00e4ol.<\/p>\n<p data-start=\"1330\" data-end=\"1478\"><strong data-start=\"1330\" data-end=\"1341\">Kestus:<\/strong> kuni 3 h<br data-start=\"1350\" data-end=\"1353\" \/><strong data-start=\"1353\" data-end=\"1367\">V\u00e4ljas\u00f5it:<\/strong> Lennusadam, Tallinn<br data-start=\"1387\" data-end=\"1390\" \/><strong data-start=\"1390\" data-end=\"1407\">Grupi suurus:<\/strong> kuni 10 inimest<br data-start=\"1423\" data-end=\"1426\" \/><strong data-start=\"1426\" data-end=\"1438\">Kontakt:<\/strong> 51 54 156<br data-start=\"1448\" data-end=\"1451\" \/><strong data-start=\"1451\" data-end=\"1468\">Broneerimine:<\/strong> muff.ee<\/p>","protected":false},"excerpt":{"rendered":"<p data-start=\"951\" data-end=\"1195\"><strong data-start=\"951\" data-end=\"988\">S\u00fcnnip\u00e4ev purjekal Tallinna lahel<\/strong> sobib ideaalselt v\u00e4iksemale seltskonnale, kes tahab midagi teistsugust kui tavap\u00e4rane peokoht. Meri loob vaba ja m\u00f5nusa \u00f5hkkonna \u2013 saab jutustada, t\u00e4histada, teha pilte ning nautida Tallinna vaateid merelt.<\/p>\n<p data-start=\"1197\" data-end=\"1328\">Kahemastiline betoonpurjekas mahutab kuni 10 inimest + meeskond. Hea valik ka <strong data-start=\"1275\" data-end=\"1298\">\u00fcllatuss\u00fcnnip\u00e4evaks<\/strong> v\u00f5i kingituseks elamuse n\u00e4ol.<\/p>\n<p data-start=\"1330\" data-end=\"1478\"><strong data-start=\"1330\" data-end=\"1341\">Kestus:<\/strong> kuni 3 h<br data-start=\"1350\" data-end=\"1353\" \/><strong data-start=\"1353\" data-end=\"1367\">V\u00e4ljas\u00f5it:<\/strong> Lennusadam, Tallinn<br data-start=\"1387\" data-end=\"1390\" \/><strong data-start=\"1390\" data-end=\"1407\">Grupi suurus:<\/strong> kuni 10 inimest<br data-start=\"1423\" data-end=\"1426\" \/><strong data-start=\"1426\" data-end=\"1438\">Kontakt:<\/strong> 51 54 156<br data-start=\"1448\" data-end=\"1451\" \/><strong data-start=\"1451\" data-end=\"1468\">Broneerimine:<\/strong> muff.ee<\/p>","protected":false},"featured_media":406,"comment_status":"open","ping_status":"closed","template":"","meta":{"site-sidebar-layout":"default","site-content-layout":"default","ast-global-header-display":"","ast-main-header-display":"","ast-hfb-above-header-display":"","ast-hfb-below-header-display":"","ast-hfb-mobile-header-display":"","site-post-title":"","ast-breadcrumbs-content":"","ast-featured-img":"","footer-sml-layout":"","theme-transparent-header-meta":"default","adv-header-id-meta":"","stick-header-meta":"default","header-above-stick-meta":"","header-main-stick-meta":"","header-below-stick-meta":""},"product_cat":[36],"product_tag":[],"class_list":["post-405","product","type-product","status-publish","has-post-thumbnail","hentry","product_cat-matkad","desktop-align-left","tablet-align-left","mobile-align-left","ast-product-gallery-layout-horizontal-slider","ast-product-gallery-with-no-image","ast-product-tabs-layout-horizontal"],"yoast_head":"<!-- This site is optimized with the Yoast SEO plugin v20.5 - https:\/\/yoast.com\/wordpress\/plugins\/seo\/ -->\n<title>S\u00fcnnip\u00e4ev merel \u2013 purjekas\u00f5it Tallinna lahel | Muff Matkad -<\/title>\n<meta name=\"description\" content=\"T\u00e4hista s\u00fcnnip\u00e4eva purjekal Tallinna lahel \u2013 privaatne meres\u00f5it kuni 10 inimesele. Eriline elamus. Broneeri muff.ee\" \/>\n<meta name=\"robots\" content=\"index, follow, max-snippet:-1, max-image-preview:large, max-video-preview:-1\" \/>\n<link rel=\"canonical\" href=\"https:\/\/muff.ee\/en\/product\/19-21-05-2023-pakri-saared\/\" \/>\n<meta property=\"og:locale\" content=\"en_GB\" \/>\n<meta property=\"og:type\" content=\"article\" \/>\n<meta property=\"og:title\" content=\"S\u00fcnnip\u00e4ev merel \u2013 purjekas\u00f5it Tallinna lahel | Muff Matkad -\" \/>\n<meta property=\"og:description\" content=\"T\u00e4hista s\u00fcnnip\u00e4eva purjekal Tallinna lahel \u2013 privaatne meres\u00f5it kuni 10 inimesele. Eriline elamus. Broneeri muff.ee\" \/>\n<meta property=\"og:url\" content=\"https:\/\/muff.ee\/en\/product\/19-21-05-2023-pakri-saared\/\" \/>\n<meta property=\"article:modified_time\" content=\"2026-02-17T04:51:21+00:00\" \/>\n<meta property=\"og:image\" content=\"https:\/\/muff.ee\/wp-content\/uploads\/2023\/04\/Alison.jpg\" \/>\n\t<meta property=\"og:image:width\" content=\"1216\" \/>\n\t<meta property=\"og:image:height\" content=\"637\" \/>\n\t<meta property=\"og:image:type\" content=\"image\/jpeg\" \/>\n<meta name=\"twitter:card\" content=\"summary_large_image\" \/>\n<meta name=\"twitter:label1\" content=\"Estimated reading time\" \/>\n\t<meta name=\"twitter:data1\" content=\"1 minute\" \/>\n<script type=\"application\/ld+json\" class=\"yoast-schema-graph\">{\"@context\":\"https:\/\/schema.org\",\"@graph\":[{\"@type\":\"WebPage\",\"@id\":\"https:\/\/muff.ee\/toode\/19-21-05-2023-pakri-saared\/\",\"url\":\"https:\/\/muff.ee\/toode\/19-21-05-2023-pakri-saared\/\",\"name\":\"S\u00fcnnip\u00e4ev merel \u2013 purjekas\u00f5it Tallinna lahel | Muff Matkad -\",\"isPartOf\":{\"@id\":\"https:\/\/muff.ee\/#website\"},\"datePublished\":\"2023-04-11T18:18:44+00:00\",\"dateModified\":\"2026-02-17T04:51:21+00:00\",\"description\":\"T\u00e4hista s\u00fcnnip\u00e4eva purjekal Tallinna lahel \u2013 privaatne meres\u00f5it kuni 10 inimesele. Eriline elamus. Broneeri muff.ee\",\"breadcrumb\":{\"@id\":\"https:\/\/muff.ee\/toode\/19-21-05-2023-pakri-saared\/#breadcrumb\"},\"inLanguage\":\"en-GB\",\"potentialAction\":[{\"@type\":\"ReadAction\",\"target\":[\"https:\/\/muff.ee\/toode\/19-21-05-2023-pakri-saared\/\"]}]},{\"@type\":\"BreadcrumbList\",\"@id\":\"https:\/\/muff.ee\/toode\/19-21-05-2023-pakri-saared\/#breadcrumb\",\"itemListElement\":[{\"@type\":\"ListItem\",\"position\":1,\"name\":\"Muff Matkad\",\"item\":\"https:\/\/muff.ee\/\"},{\"@type\":\"ListItem\",\"position\":2,\"name\":\"Pood\",\"item\":\"https:\/\/muff.ee\/pood\/\"},{\"@type\":\"ListItem\",\"position\":3,\"name\":\"S\u00fcnnip\u00e4ev merel \u2013 purjekas\u00f5it Tallinna lahel | Muff Matkad\"}]},{\"@type\":\"WebSite\",\"@id\":\"https:\/\/muff.ee\/#website\",\"url\":\"https:\/\/muff.ee\/\",\"name\":\"\",\"description\":\"Muff viib matkale\",\"potentialAction\":[{\"@type\":\"SearchAction\",\"target\":{\"@type\":\"EntryPoint\",\"urlTemplate\":\"https:\/\/muff.ee\/?s={search_term_string}\"},\"query-input\":\"required name=search_term_string\"}],\"inLanguage\":\"en-GB\"}]}<\/script>\n<!-- \/ Yoast SEO plugin. -->","yoast_head_json":{"title":"S\u00fcnnip\u00e4ev merel \u2013 purjekas\u00f5it Tallinna lahel | Muff Matkad -","description":"T\u00e4hista s\u00fcnnip\u00e4eva purjekal Tallinna lahel \u2013 privaatne meres\u00f5it kuni 10 inimesele. Eriline elamus. Broneeri muff.ee","robots":{"index":"index","follow":"follow","max-snippet":"max-snippet:-1","max-image-preview":"max-image-preview:large","max-video-preview":"max-video-preview:-1"},"canonical":"https:\/\/muff.ee\/en\/product\/19-21-05-2023-pakri-saared\/","og_locale":"en_GB","og_type":"article","og_title":"S\u00fcnnip\u00e4ev merel \u2013 purjekas\u00f5it Tallinna lahel | Muff Matkad -","og_description":"T\u00e4hista s\u00fcnnip\u00e4eva purjekal Tallinna lahel \u2013 privaatne meres\u00f5it kuni 10 inimesele. Eriline elamus. Broneeri muff.ee","og_url":"https:\/\/muff.ee\/en\/product\/19-21-05-2023-pakri-saared\/","article_modified_time":"2026-02-17T04:51:21+00:00","og_image":[{"width":1216,"height":637,"url":"https:\/\/muff.ee\/wp-content\/uploads\/2023\/04\/Alison.jpg","type":"image\/jpeg"}],"twitter_card":"summary_large_image","twitter_misc":{"Estimated reading time":"1 minute"},"schema":{"@context":"https:\/\/schema.org","@graph":[{"@type":"WebPage","@id":"https:\/\/muff.ee\/toode\/19-21-05-2023-pakri-saared\/","url":"https:\/\/muff.ee\/toode\/19-21-05-2023-pakri-saared\/","name":"S\u00fcnnip\u00e4ev merel \u2013 purjekas\u00f5it Tallinna lahel | Muff Matkad -","isPartOf":{"@id":"https:\/\/muff.ee\/#website"},"datePublished":"2023-04-11T18:18:44+00:00","dateModified":"2026-02-17T04:51:21+00:00","description":"T\u00e4hista s\u00fcnnip\u00e4eva purjekal Tallinna lahel \u2013 privaatne meres\u00f5it kuni 10 inimesele. Eriline elamus. Broneeri muff.ee","breadcrumb":{"@id":"https:\/\/muff.ee\/toode\/19-21-05-2023-pakri-saared\/#breadcrumb"},"inLanguage":"en-GB","potentialAction":[{"@type":"ReadAction","target":["https:\/\/muff.ee\/toode\/19-21-05-2023-pakri-saared\/"]}]},{"@type":"BreadcrumbList","@id":"https:\/\/muff.ee\/toode\/19-21-05-2023-pakri-saared\/#breadcrumb","itemListElement":[{"@type":"ListItem","position":1,"name":"Muff Matkad","item":"https:\/\/muff.ee\/"},{"@type":"ListItem","position":2,"name":"Pood","item":"https:\/\/muff.ee\/pood\/"},{"@type":"ListItem","position":3,"name":"S\u00fcnnip\u00e4ev merel \u2013 purjekas\u00f5it Tallinna lahel | Muff Matkad"}]},{"@type":"WebSite","@id":"https:\/\/muff.ee\/#website","url":"https:\/\/muff.ee\/","name":"","description":"Muff viib matkale","potentialAction":[{"@type":"SearchAction","target":{"@type":"EntryPoint","urlTemplate":"https:\/\/muff.ee\/?s={search_term_string}"},"query-input":"required name=search_term_string"}],"inLanguage":"en-GB"}]}},"_links":{"self":[{"href":"https:\/\/muff.ee\/en\/wp-json\/wp\/v3\/product\/405","targetHints":{"allow":["GET"]}}],"collection":[{"href":"https:\/\/muff.ee\/en\/wp-json\/wp\/v3\/product"}],"about":[{"href":"https:\/\/muff.ee\/en\/wp-json\/wp\/v2\/types\/product"}],"replies":[{"embeddable":true,"href":"https:\/\/muff.ee\/en\/wp-json\/wp\/v2\/comments?post=405"}],"version-history":[{"count":2,"href":"https:\/\/muff.ee\/en\/wp-json\/wp\/v3\/product\/405\/revisions"}],"predecessor-version":[{"id":1423,"href":"https:\/\/muff.ee\/en\/wp-json\/wp\/v3\/product\/405\/revisions\/1423"}],"wp:featuredmedia":[{"embeddable":true,"href":"https:\/\/muff.ee\/en\/wp-json\/wp\/v2\/media\/406"}],"wp:attachment":[{"href":"https:\/\/muff.ee\/en\/wp-json\/wp\/v2\/media?parent=405"}],"wp:term":[{"taxonomy":"product_cat","embeddable":true,"href":"https:\/\/muff.ee\/en\/wp-json\/wp\/v2\/product_cat?post=405"},{"taxonomy":"product_tag","embeddable":true,"href":"https:\/\/muff.ee\/en\/wp-json\/wp\/v2\/product_tag?post=405"}],"curies":[{"name":"wp","href":"https:\/\/api.w.org\/{rel}","templated":true}]}}