{"id":23,"date":"2020-01-13T20:00:17","date_gmt":"2020-01-13T20:00:17","guid":{"rendered":"https:\/\/muff.ee\/?page_id=23"},"modified":"2020-01-13T20:00:17","modified_gmt":"2020-01-13T20:00:17","slug":"tutvustus","status":"publish","type":"page","link":"https:\/\/muff.ee\/en\/tutvustus\/","title":{"rendered":"Tutvustus"},"content":{"rendered":"<p>Kui oled n\u00e4iteks kunstnik, siis saad siin tutvustada ennast ja enda t\u00f6id, v\u00f5i kui oled ettev\u00f5tja, siis enda \u00e4rieesm\u00e4rke.<\/p>","protected":false},"excerpt":{"rendered":"<p>Kui oled n\u00e4iteks kunstnik, siis saad siin tutvustada ennast ja enda t\u00f6id, v\u00f5i kui oled ettev\u00f5tja, siis enda \u00e4rieesm\u00e4rke.<\/p>","protected":false},"author":1,"featured_media":0,"parent":0,"menu_order":0,"comment_status":"closed","ping_status":"closed","template":"","meta":{"site-sidebar-layout":"default","site-content-layout":"default","ast-global-header-display":"","ast-main-header-display":"","ast-hfb-above-header-display":"","ast-hfb-below-header-display":"","ast-hfb-mobile-header-display":"","site-post-title":"","ast-breadcrumbs-content":"","ast-featured-img":"","footer-sml-layout":"","theme-transparent-header-meta":"","adv-header-id-meta":"","stick-header-meta":"","header-above-stick-meta":"","header-main-stick-meta":"","header-below-stick-meta":"","footnotes":""},"class_list":["post-23","page","type-page","status-publish","hentry"],"yoast_head":"<!-- This site is optimized with the Yoast SEO plugin v20.5 - https:\/\/yoast.com\/wordpress\/plugins\/seo\/ -->\n<title>Tutvustus -<\/title>\n<meta name=\"robots\" content=\"index, follow, max-snippet:-1, max-image-preview:large, max-video-preview:-1\" \/>\n<link rel=\"canonical\" href=\"https:\/\/muff.ee\/en\/tutvustus\/\" \/>\n<meta property=\"og:locale\" content=\"en_GB\" \/>\n<meta property=\"og:type\" content=\"article\" \/>\n<meta property=\"og:title\" content=\"Tutvustus -\" \/>\n<meta property=\"og:description\" content=\"Kui oled n\u00e4iteks kunstnik, siis saad siin tutvustada ennast ja enda t\u00f6id, v\u00f5i kui oled ettev\u00f5tja, siis enda \u00e4rieesm\u00e4rke.\" \/>\n<meta property=\"og:url\" content=\"https:\/\/muff.ee\/en\/tutvustus\/\" \/>\n<meta name=\"twitter:card\" content=\"summary_large_image\" \/>\n<script type=\"application\/ld+json\" class=\"yoast-schema-graph\">{\"@context\":\"https:\/\/schema.org\",\"@graph\":[{\"@type\":\"WebPage\",\"@id\":\"https:\/\/muff.ee\/tutvustus\/\",\"url\":\"https:\/\/muff.ee\/tutvustus\/\",\"name\":\"Tutvustus -\",\"isPartOf\":{\"@id\":\"https:\/\/muff.ee\/#website\"},\"datePublished\":\"2020-01-13T20:00:17+00:00\",\"dateModified\":\"2020-01-13T20:00:17+00:00\",\"breadcrumb\":{\"@id\":\"https:\/\/muff.ee\/tutvustus\/#breadcrumb\"},\"inLanguage\":\"en-GB\",\"potentialAction\":[{\"@type\":\"ReadAction\",\"target\":[\"https:\/\/muff.ee\/tutvustus\/\"]}]},{\"@type\":\"BreadcrumbList\",\"@id\":\"https:\/\/muff.ee\/tutvustus\/#breadcrumb\",\"itemListElement\":[{\"@type\":\"ListItem\",\"position\":1,\"name\":\"Muff Matkad\",\"item\":\"https:\/\/muff.ee\/\"},{\"@type\":\"ListItem\",\"position\":2,\"name\":\"Tutvustus\"}]},{\"@type\":\"WebSite\",\"@id\":\"https:\/\/muff.ee\/#website\",\"url\":\"https:\/\/muff.ee\/\",\"name\":\"\",\"description\":\"Muff viib matkale\",\"potentialAction\":[{\"@type\":\"SearchAction\",\"target\":{\"@type\":\"EntryPoint\",\"urlTemplate\":\"https:\/\/muff.ee\/?s={search_term_string}\"},\"query-input\":\"required name=search_term_string\"}],\"inLanguage\":\"en-GB\"}]}<\/script>\n<!-- \/ Yoast SEO plugin. -->","yoast_head_json":{"title":"Tutvustus -","robots":{"index":"index","follow":"follow","max-snippet":"max-snippet:-1","max-image-preview":"max-image-preview:large","max-video-preview":"max-video-preview:-1"},"canonical":"https:\/\/muff.ee\/en\/tutvustus\/","og_locale":"en_GB","og_type":"article","og_title":"Tutvustus -","og_description":"Kui oled n\u00e4iteks kunstnik, siis saad siin tutvustada ennast ja enda t\u00f6id, v\u00f5i kui oled ettev\u00f5tja, siis enda \u00e4rieesm\u00e4rke.","og_url":"https:\/\/muff.ee\/en\/tutvustus\/","twitter_card":"summary_large_image","schema":{"@context":"https:\/\/schema.org","@graph":[{"@type":"WebPage","@id":"https:\/\/muff.ee\/tutvustus\/","url":"https:\/\/muff.ee\/tutvustus\/","name":"Tutvustus -","isPartOf":{"@id":"https:\/\/muff.ee\/#website"},"datePublished":"2020-01-13T20:00:17+00:00","dateModified":"2020-01-13T20:00:17+00:00","breadcrumb":{"@id":"https:\/\/muff.ee\/tutvustus\/#breadcrumb"},"inLanguage":"en-GB","potentialAction":[{"@type":"ReadAction","target":["https:\/\/muff.ee\/tutvustus\/"]}]},{"@type":"BreadcrumbList","@id":"https:\/\/muff.ee\/tutvustus\/#breadcrumb","itemListElement":[{"@type":"ListItem","position":1,"name":"Muff Matkad","item":"https:\/\/muff.ee\/"},{"@type":"ListItem","position":2,"name":"Tutvustus"}]},{"@type":"WebSite","@id":"https:\/\/muff.ee\/#website","url":"https:\/\/muff.ee\/","name":"","description":"Muff viib matkale","potentialAction":[{"@type":"SearchAction","target":{"@type":"EntryPoint","urlTemplate":"https:\/\/muff.ee\/?s={search_term_string}"},"query-input":"required name=search_term_string"}],"inLanguage":"en-GB"}]}},"_links":{"self":[{"href":"https:\/\/muff.ee\/en\/wp-json\/wp\/v2\/pages\/23","targetHints":{"allow":["GET"]}}],"collection":[{"href":"https:\/\/muff.ee\/en\/wp-json\/wp\/v2\/pages"}],"about":[{"href":"https:\/\/muff.ee\/en\/wp-json\/wp\/v2\/types\/page"}],"author":[{"embeddable":true,"href":"https:\/\/muff.ee\/en\/wp-json\/wp\/v2\/users\/1"}],"replies":[{"embeddable":true,"href":"https:\/\/muff.ee\/en\/wp-json\/wp\/v2\/comments?post=23"}],"version-history":[{"count":1,"href":"https:\/\/muff.ee\/en\/wp-json\/wp\/v2\/pages\/23\/revisions"}],"predecessor-version":[{"id":31,"href":"https:\/\/muff.ee\/en\/wp-json\/wp\/v2\/pages\/23\/revisions\/31"}],"wp:attachment":[{"href":"https:\/\/muff.ee\/en\/wp-json\/wp\/v2\/media?parent=23"}],"curies":[{"name":"wp","href":"https:\/\/api.w.org\/{rel}","templated":true}]}}