{"id":170,"date":"2021-06-10T09:18:01","date_gmt":"2021-06-10T07:18:01","guid":{"rendered":"https:\/\/muff.ee\/?page_id=170"},"modified":"2021-06-10T09:49:03","modified_gmt":"2021-06-10T07:49:03","slug":"kupsisepoliitika","status":"publish","type":"page","link":"https:\/\/muff.ee\/en\/kupsisepoliitika\/","title":{"rendered":"Cookie policy"},"content":{"rendered":"<p>Koduleht <a href=\"https:\/\/muff.ee\/en\/\" target=\"_blank\" rel=\"noreferrer noopener\">muff.ee<\/a>&nbsp;kasutab k\u00fcpsiseid. Ilma n\u00f5usolekuta salvestame ainult selliseid k\u00fcpsiseid, mis on vajalikud veebisaidi toimimiseks.<\/p>\n\n\n\n<p>K\u00fcpsis (<em>Cookie<\/em>) on v\u00e4ike tekstifail, mis salvestatakse e-poe k\u00fclastaja seadme (nt arvuti, mobiiltelefon, tahvelarvuti) veebilehitsejasse. K\u00fcpsiste eesm\u00e4rk on parema kasutajakogemuse tagamine ja nende kasutamine on tavap\u00e4rane praktika.<\/p>\n\n\n\n<p>Muffi poolt kasutatavad k\u00fcpsised aitavad:<\/p>\n\n\n\n<ul class=\"wp-block-list\"><li>toetada veebilehe toimivust;<\/li><li>hoida meeles kliendi sisselogimise andmed;<\/li><li>talletada teatud ajaperioodiks registreeritud kliendi ostukorvi sisu;<\/li><li>tagada turvalise sisselogimise ja makselahendused;<\/li><li>Google Analytics tarkvara abil m\u00f5\u00f5ta veebilehe k\u00fclastatavust ja toiminguid lehel;<\/li><\/ul>\n\n\n\n<p>Klient v\u00f5ib alati oma veebilehitsejas muuta k\u00fcpsiste kasutamise eelistusi ja k\u00fcpsiste kasutamise n\u00f5usoleku tagasi v\u00f5tta.<\/p>\n\n\n\n<p>Privaatsuss\u00e4tete kohta loe <a href=\"https:\/\/muff.ee\/en\/privaatsussatted\/\">siit<\/a>.<\/p>","protected":false},"excerpt":{"rendered":"<p>Koduleht muff.ee&nbsp;kasutab k\u00fcpsiseid. Ilma n\u00f5usolekuta salvestame ainult selliseid k\u00fcpsiseid, mis on vajalikud veebisaidi toimimiseks. K\u00fcpsis (Cookie) on v\u00e4ike tekstifail, mis salvestatakse e-poe k\u00fclastaja seadme (nt arvuti, mobiiltelefon, tahvelarvuti) veebilehitsejasse. K\u00fcpsiste eesm\u00e4rk on parema kasutajakogemuse tagamine ja nende kasutamine on tavap\u00e4rane praktika. Muffi poolt kasutatavad k\u00fcpsised aitavad: toetada veebilehe toimivust; hoida meeles kliendi sisselogimise andmed; talletada &hellip;<\/p>\n<p class=\"read-more\"> <a class=\"\" href=\"https:\/\/muff.ee\/en\/kupsisepoliitika\/\"> <span class=\"screen-reader-text\">Cookie policy<\/span> Read More \u00bb<\/a><\/p>","protected":false},"author":1,"featured_media":0,"parent":0,"menu_order":0,"comment_status":"closed","ping_status":"closed","template":"","meta":{"site-sidebar-layout":"default","site-content-layout":"default","ast-global-header-display":"","ast-main-header-display":"","ast-hfb-above-header-display":"","ast-hfb-below-header-display":"","ast-hfb-mobile-header-display":"","site-post-title":"","ast-breadcrumbs-content":"","ast-featured-img":"","footer-sml-layout":"","theme-transparent-header-meta":"","adv-header-id-meta":"","stick-header-meta":"","header-above-stick-meta":"","header-main-stick-meta":"","header-below-stick-meta":"","footnotes":""},"class_list":["post-170","page","type-page","status-publish","hentry"],"yoast_head":"<!-- This site is optimized with the Yoast SEO plugin v20.5 - https:\/\/yoast.com\/wordpress\/plugins\/seo\/ -->\n<title>K\u00fcpsisepoliitika -<\/title>\n<meta name=\"robots\" content=\"index, nofollow, max-snippet:-1, max-image-preview:large, max-video-preview:-1\" \/>\n<link rel=\"canonical\" href=\"https:\/\/muff.ee\/en\/kupsisepoliitika\/\" \/>\n<meta property=\"og:locale\" content=\"en_GB\" \/>\n<meta property=\"og:type\" content=\"article\" \/>\n<meta property=\"og:title\" content=\"K\u00fcpsisepoliitika -\" \/>\n<meta property=\"og:description\" content=\"Koduleht muff.ee&nbsp;kasutab k\u00fcpsiseid. Ilma n\u00f5usolekuta salvestame ainult selliseid k\u00fcpsiseid, mis on vajalikud veebisaidi toimimiseks. K\u00fcpsis (Cookie) on v\u00e4ike tekstifail, mis salvestatakse e-poe k\u00fclastaja seadme (nt arvuti, mobiiltelefon, tahvelarvuti) veebilehitsejasse. K\u00fcpsiste eesm\u00e4rk on parema kasutajakogemuse tagamine ja nende kasutamine on tavap\u00e4rane praktika. Muffi poolt kasutatavad k\u00fcpsised aitavad: toetada veebilehe toimivust; hoida meeles kliendi sisselogimise andmed; talletada &hellip; K\u00fcpsisepoliitika Read More \u00bb\" \/>\n<meta property=\"og:url\" content=\"https:\/\/muff.ee\/en\/kupsisepoliitika\/\" \/>\n<meta property=\"article:modified_time\" content=\"2021-06-10T07:49:03+00:00\" \/>\n<meta name=\"twitter:card\" content=\"summary_large_image\" \/>\n<meta name=\"twitter:label1\" content=\"Estimated reading time\" \/>\n\t<meta name=\"twitter:data1\" content=\"1 minute\" \/>\n<script type=\"application\/ld+json\" class=\"yoast-schema-graph\">{\"@context\":\"https:\/\/schema.org\",\"@graph\":[{\"@type\":\"WebPage\",\"@id\":\"https:\/\/muff.ee\/kupsisepoliitika\/\",\"url\":\"https:\/\/muff.ee\/kupsisepoliitika\/\",\"name\":\"K\u00fcpsisepoliitika -\",\"isPartOf\":{\"@id\":\"https:\/\/muff.ee\/#website\"},\"datePublished\":\"2021-06-10T07:18:01+00:00\",\"dateModified\":\"2021-06-10T07:49:03+00:00\",\"breadcrumb\":{\"@id\":\"https:\/\/muff.ee\/kupsisepoliitika\/#breadcrumb\"},\"inLanguage\":\"en-GB\",\"potentialAction\":[{\"@type\":\"ReadAction\",\"target\":[\"https:\/\/muff.ee\/kupsisepoliitika\/\"]}]},{\"@type\":\"BreadcrumbList\",\"@id\":\"https:\/\/muff.ee\/kupsisepoliitika\/#breadcrumb\",\"itemListElement\":[{\"@type\":\"ListItem\",\"position\":1,\"name\":\"Muff Matkad\",\"item\":\"https:\/\/muff.ee\/\"},{\"@type\":\"ListItem\",\"position\":2,\"name\":\"K\u00fcpsisepoliitika\"}]},{\"@type\":\"WebSite\",\"@id\":\"https:\/\/muff.ee\/#website\",\"url\":\"https:\/\/muff.ee\/\",\"name\":\"\",\"description\":\"Muff viib matkale\",\"potentialAction\":[{\"@type\":\"SearchAction\",\"target\":{\"@type\":\"EntryPoint\",\"urlTemplate\":\"https:\/\/muff.ee\/?s={search_term_string}\"},\"query-input\":\"required name=search_term_string\"}],\"inLanguage\":\"en-GB\"}]}<\/script>\n<!-- \/ Yoast SEO plugin. -->","yoast_head_json":{"title":"K\u00fcpsisepoliitika -","robots":{"index":"index","follow":"nofollow","max-snippet":"max-snippet:-1","max-image-preview":"max-image-preview:large","max-video-preview":"max-video-preview:-1"},"canonical":"https:\/\/muff.ee\/en\/kupsisepoliitika\/","og_locale":"en_GB","og_type":"article","og_title":"K\u00fcpsisepoliitika -","og_description":"Koduleht muff.ee&nbsp;kasutab k\u00fcpsiseid. Ilma n\u00f5usolekuta salvestame ainult selliseid k\u00fcpsiseid, mis on vajalikud veebisaidi toimimiseks. K\u00fcpsis (Cookie) on v\u00e4ike tekstifail, mis salvestatakse e-poe k\u00fclastaja seadme (nt arvuti, mobiiltelefon, tahvelarvuti) veebilehitsejasse. K\u00fcpsiste eesm\u00e4rk on parema kasutajakogemuse tagamine ja nende kasutamine on tavap\u00e4rane praktika. Muffi poolt kasutatavad k\u00fcpsised aitavad: toetada veebilehe toimivust; hoida meeles kliendi sisselogimise andmed; talletada &hellip; K\u00fcpsisepoliitika Read More \u00bb","og_url":"https:\/\/muff.ee\/en\/kupsisepoliitika\/","article_modified_time":"2021-06-10T07:49:03+00:00","twitter_card":"summary_large_image","twitter_misc":{"Estimated reading time":"1 minute"},"schema":{"@context":"https:\/\/schema.org","@graph":[{"@type":"WebPage","@id":"https:\/\/muff.ee\/kupsisepoliitika\/","url":"https:\/\/muff.ee\/kupsisepoliitika\/","name":"K\u00fcpsisepoliitika -","isPartOf":{"@id":"https:\/\/muff.ee\/#website"},"datePublished":"2021-06-10T07:18:01+00:00","dateModified":"2021-06-10T07:49:03+00:00","breadcrumb":{"@id":"https:\/\/muff.ee\/kupsisepoliitika\/#breadcrumb"},"inLanguage":"en-GB","potentialAction":[{"@type":"ReadAction","target":["https:\/\/muff.ee\/kupsisepoliitika\/"]}]},{"@type":"BreadcrumbList","@id":"https:\/\/muff.ee\/kupsisepoliitika\/#breadcrumb","itemListElement":[{"@type":"ListItem","position":1,"name":"Muff Matkad","item":"https:\/\/muff.ee\/"},{"@type":"ListItem","position":2,"name":"K\u00fcpsisepoliitika"}]},{"@type":"WebSite","@id":"https:\/\/muff.ee\/#website","url":"https:\/\/muff.ee\/","name":"","description":"Muff viib matkale","potentialAction":[{"@type":"SearchAction","target":{"@type":"EntryPoint","urlTemplate":"https:\/\/muff.ee\/?s={search_term_string}"},"query-input":"required name=search_term_string"}],"inLanguage":"en-GB"}]}},"_links":{"self":[{"href":"https:\/\/muff.ee\/en\/wp-json\/wp\/v2\/pages\/170","targetHints":{"allow":["GET"]}}],"collection":[{"href":"https:\/\/muff.ee\/en\/wp-json\/wp\/v2\/pages"}],"about":[{"href":"https:\/\/muff.ee\/en\/wp-json\/wp\/v2\/types\/page"}],"author":[{"embeddable":true,"href":"https:\/\/muff.ee\/en\/wp-json\/wp\/v2\/users\/1"}],"replies":[{"embeddable":true,"href":"https:\/\/muff.ee\/en\/wp-json\/wp\/v2\/comments?post=170"}],"version-history":[{"count":3,"href":"https:\/\/muff.ee\/en\/wp-json\/wp\/v2\/pages\/170\/revisions"}],"predecessor-version":[{"id":181,"href":"https:\/\/muff.ee\/en\/wp-json\/wp\/v2\/pages\/170\/revisions\/181"}],"wp:attachment":[{"href":"https:\/\/muff.ee\/en\/wp-json\/wp\/v2\/media?parent=170"}],"curies":[{"name":"wp","href":"https:\/\/api.w.org\/{rel}","templated":true}]}}